{"id":4149,"date":"2024-02-25T09:28:30","date_gmt":"2024-02-25T08:28:30","guid":{"rendered":"https:\/\/redfieldcf.com\/?page_id=4149"},"modified":"2025-03-24T12:08:35","modified_gmt":"2025-03-24T11:08:35","slug":"descargo-responsabilidad","status":"publish","type":"page","link":"https:\/\/redfieldcf.com\/ca\/login\/descargo-responsabilidad\/","title":{"rendered":"Declaraci\u00f3n de renuncia y exoneraci\u00f3n de responsabilidad y uso de imagen"},"content":{"rendered":"<p>Declaramos, los 3 atletas del equipo, ser conscientes de que la actividad recreativa as\u00ed como cualquier actividad y programa de ejercicio f\u00edsico que nosotros vamos a realizar durante la competici\u00f3n Redfield Competition VOL 4, llevada a cabo en las instalaciones y alrededores (patio, estacionamiento, acera, etc) de Crossfit Cerdanyola (Carrer de Sant Ramon, 300, 08290 Cerdanyola del Vall\u00e8s, Barcelona) pueden exponernos a riesgos que puedan ocasionar y producir alg\u00fan(as) lesi\u00f3n(es), incluyendo pero no limitando; ahogamiento, asfixia, esguinces, fracturas, golpes de calor, hipotermias, lesiones causadas por veh\u00edculos, o mordeduras y\/o picaduras de animales.<\/p>\n\n\n\n<p>Estamos de acuerdo en consultar, cada uno de nuestros atletas, a un m\u00e9dico para expedir una constancia de no contraindicaci\u00f3n precio a iniciar cualquier programa de ejercicio f\u00edsico, permanecer bajo supervisi\u00f3n m\u00e9dica constante y si el caso lo requiera buscar de manera individual y particular tratamiento en caso de lesi\u00f3n, accidente, etc.<\/p>\n\n\n\n<p>Nosotros reconocemos que el uso del equipo, material y otros implementos facilitados\/provistos tanto por Crossfit Cerdanyola, como principalmente por los organizadores de la Redfield Competition VOL 4, representan riesgo de lesi\u00f3n sobre nuestro equipo y sobre terceros. Estamos completamente conformes y de acuerdo en utilizar dicho equipo, material e implementos con sumo cuidado, precauci\u00f3n y solo bajo estricta supervisi\u00f3n de alg\u00fan entrenador.<\/p>\n\n\n\n<p>Liberamos a la organizaci\u00f3n Redfield y a Crossfit Cerdanyola, as\u00ed como a sus directores, empleados, agentes, consultores, contratistas independientes, afiliados, a sus empleados y entrenadores de cualquier demanda por lesi\u00f3n o alguna otra resultante de participar en la competici\u00f3n Redfield Competition VOL 4 preparada por la organizaci\u00f3n Redfield en las instalaciones de Crossfit Cerdanyola y alrededores, as\u00ed como actividades extramuros.<\/p>\n\n\n\n<p>Es de nuestro conocimiento y entendimiento que la organizaci\u00f3n Redfield pueda que de vez en cuando tomen fotograf\u00edas, video grabaciones o documentar de alguna otra forma los entrenamientos y\/o actividades en los que participemos en las instalaciones o eventos extramuros durante la competici\u00f3n Redfield Competition VOL 4; para su uso en p\u00e1ginas de Internet, redes sociales, blogs, as\u00ed como para uso interno y comercial.<\/p>\n\n\n\n<p>De aqu\u00ed en adelante concedemos a la organizaci\u00f3n Redfield, sus socios comerciales y licenciatarios el irrevocable derecho, titulo, licencia\/permiso\/autorizaci\u00f3n de usar, simular y personificar nuestro nombre, apariencia, imagen, voz, e informaci\u00f3n biogr\u00e1fica en relaci\u00f3n a los usos descritos anteriormente.<\/p>\n\n\n\n<p>Dichos derechos son mundialmente y sin ninguna limitaci\u00f3n en diversidad, tipo y\/o forma; ya sean actualmente existentes o creados en el futuro, por un periodo indefinido.<\/p>\n\n\n\n<p>Hemos le\u00eddo esta declaraci\u00f3n de renuncia y exoneraci\u00f3n de responsabilidad, uso de imagen y asunci\u00f3n de riesgos. Aceptando esto asumimos que entendemos perfectamente todos los t\u00e9rminos y condiciones, y que cedemos todos los derechos sustanciales al firmarlo. Reiteramos tambi\u00e9n que lo firmamos libremente y sin ning\u00fan tipo de coacci\u00f3n.<\/p>","protected":false},"excerpt":{"rendered":"<p>Declaramos, los 3 atletas del equipo, ser conscientes de que la actividad recreativa as\u00ed como cualquier actividad y programa de ejercicio f\u00edsico que nosotros vamos a realizar durante la competici\u00f3n Redfield Competition VOL 4, llevada a cabo en las instalaciones y alrededores (patio, estacionamiento, acera, etc) de Crossfit Cerdanyola (Carrer de Sant Ramon, 300, 08290 [&hellip;]<\/p>\n","protected":false},"author":1,"featured_media":0,"parent":3449,"menu_order":90,"comment_status":"closed","ping_status":"closed","template":"","meta":{"nf_dc_page":"","footnotes":""},"class_list":["post-4149","page","type-page","status-publish","hentry"],"yoast_head":"<!-- This site is optimized with the Yoast SEO plugin v27.6 - https:\/\/yoast.com\/product\/yoast-seo-wordpress\/ -->\n<title>Declaraci\u00f3n de renuncia y exoneraci\u00f3n de responsabilidad y uso de imagen - Redfield CrossTraining competitions<\/title>\n<meta name=\"robots\" content=\"index, follow, max-snippet:-1, max-image-preview:large, max-video-preview:-1\" \/>\n<link rel=\"canonical\" href=\"https:\/\/redfieldcf.com\/ca\/staging\/1420\/login\/descargo-responsabilidad\/\" \/>\n<meta property=\"og:locale\" content=\"ca_ES\" \/>\n<meta property=\"og:type\" content=\"article\" \/>\n<meta property=\"og:title\" content=\"Declaraci\u00f3n de renuncia y exoneraci\u00f3n de responsabilidad y uso de imagen - Redfield CrossTraining competitions\" \/>\n<meta property=\"og:description\" content=\"Declaramos, los 3 atletas del equipo, ser conscientes de que la actividad recreativa as\u00ed como cualquier actividad y programa de ejercicio f\u00edsico que nosotros vamos a realizar durante la competici\u00f3n Redfield Competition VOL 4, llevada a cabo en las instalaciones y alrededores (patio, estacionamiento, acera, etc) de Crossfit Cerdanyola (Carrer de Sant Ramon, 300, 08290 [&hellip;]\" \/>\n<meta property=\"og:url\" content=\"https:\/\/redfieldcf.com\/ca\/staging\/1420\/login\/descargo-responsabilidad\/\" \/>\n<meta property=\"og:site_name\" content=\"Redfield CrossTraining competitions\" \/>\n<meta property=\"article:publisher\" content=\"https:\/\/www.facebook.com\/profile.php?id=100089577108535\" \/>\n<meta property=\"article:modified_time\" content=\"2025-03-24T11:08:35+00:00\" \/>\n<meta property=\"og:image\" content=\"https:\/\/redfieldcf.com\/wp-content\/uploads\/2022\/10\/Redfield-logo.png\" \/>\n\t<meta property=\"og:image:width\" content=\"1080\" \/>\n\t<meta property=\"og:image:height\" content=\"1080\" \/>\n\t<meta property=\"og:image:type\" content=\"image\/png\" \/>\n<meta name=\"twitter:card\" content=\"summary_large_image\" \/>\n<meta name=\"twitter:label1\" content=\"Est. reading time\" \/>\n\t<meta name=\"twitter:data1\" content=\"3 minutes\" \/>\n<script type=\"application\/ld+json\" class=\"yoast-schema-graph\">{\"@context\":\"https:\\\/\\\/schema.org\",\"@graph\":[{\"@type\":\"WebPage\",\"@id\":\"https:\\\/\\\/redfieldcf.com\\\/staging\\\/1420\\\/login\\\/descargo-responsabilidad\\\/\",\"url\":\"https:\\\/\\\/redfieldcf.com\\\/staging\\\/1420\\\/login\\\/descargo-responsabilidad\\\/\",\"name\":\"Declaraci\u00f3n de renuncia y exoneraci\u00f3n de responsabilidad y uso de imagen - Redfield CrossTraining competitions\",\"isPartOf\":{\"@id\":\"https:\\\/\\\/redfieldcf.com\\\/#website\"},\"datePublished\":\"2024-02-25T08:28:30+00:00\",\"dateModified\":\"2025-03-24T11:08:35+00:00\",\"breadcrumb\":{\"@id\":\"https:\\\/\\\/redfieldcf.com\\\/staging\\\/1420\\\/login\\\/descargo-responsabilidad\\\/#breadcrumb\"},\"inLanguage\":\"ca\",\"potentialAction\":[{\"@type\":\"ReadAction\",\"target\":[\"https:\\\/\\\/redfieldcf.com\\\/staging\\\/1420\\\/login\\\/descargo-responsabilidad\\\/\"]}]},{\"@type\":\"BreadcrumbList\",\"@id\":\"https:\\\/\\\/redfieldcf.com\\\/staging\\\/1420\\\/login\\\/descargo-responsabilidad\\\/#breadcrumb\",\"itemListElement\":[{\"@type\":\"ListItem\",\"position\":1,\"name\":\"Portada\",\"item\":\"https:\\\/\\\/redfieldcf.com\\\/\"},{\"@type\":\"ListItem\",\"position\":2,\"name\":\"Ingresar\",\"item\":\"https:\\\/\\\/redfieldcf.com\\\/staging\\\/1420\\\/login\\\/\"},{\"@type\":\"ListItem\",\"position\":3,\"name\":\"Declaraci\u00f3n de renuncia y exoneraci\u00f3n de responsabilidad y uso de imagen\"}]},{\"@type\":\"WebSite\",\"@id\":\"https:\\\/\\\/redfieldcf.com\\\/#website\",\"url\":\"https:\\\/\\\/redfieldcf.com\\\/\",\"name\":\"Redfield CrossTraining competitions\",\"description\":\"CrossTraining competitions\",\"publisher\":{\"@id\":\"https:\\\/\\\/redfieldcf.com\\\/#organization\"},\"alternateName\":\"RDFLD\",\"potentialAction\":[{\"@type\":\"SearchAction\",\"target\":{\"@type\":\"EntryPoint\",\"urlTemplate\":\"https:\\\/\\\/redfieldcf.com\\\/?s={search_term_string}\"},\"query-input\":{\"@type\":\"PropertyValueSpecification\",\"valueRequired\":true,\"valueName\":\"search_term_string\"}}],\"inLanguage\":\"ca\"},{\"@type\":\"Organization\",\"@id\":\"https:\\\/\\\/redfieldcf.com\\\/#organization\",\"name\":\"Redfield\",\"alternateName\":\"RDFLD\",\"url\":\"https:\\\/\\\/redfieldcf.com\\\/\",\"logo\":{\"@type\":\"ImageObject\",\"inLanguage\":\"ca\",\"@id\":\"https:\\\/\\\/redfieldcf.com\\\/#\\\/schema\\\/logo\\\/image\\\/\",\"url\":\"https:\\\/\\\/redfieldcf.com\\\/wp-content\\\/uploads\\\/2022\\\/10\\\/Redfield-logo.png\",\"contentUrl\":\"https:\\\/\\\/redfieldcf.com\\\/wp-content\\\/uploads\\\/2022\\\/10\\\/Redfield-logo.png\",\"width\":1080,\"height\":1080,\"caption\":\"Redfield\"},\"image\":{\"@id\":\"https:\\\/\\\/redfieldcf.com\\\/#\\\/schema\\\/logo\\\/image\\\/\"},\"sameAs\":[\"https:\\\/\\\/www.facebook.com\\\/profile.php?id=100089577108535\",\"https:\\\/\\\/www.instagram.com\\\/redfieldcompetition\",\"https:\\\/\\\/www.youtube.com\\\/@redfieldcf\",\"https:\\\/\\\/www.twitch.tv\\\/redfieldcf\",\"https:\\\/\\\/www.tiktok.com\\\/@redfieldcf\"]}]}<\/script>\n<!-- \/ Yoast SEO plugin. -->","yoast_head_json":{"title":"Declaraci\u00f3n de renuncia y exoneraci\u00f3n de responsabilidad y uso de imagen - Redfield CrossTraining competitions","robots":{"index":"index","follow":"follow","max-snippet":"max-snippet:-1","max-image-preview":"max-image-preview:large","max-video-preview":"max-video-preview:-1"},"canonical":"https:\/\/redfieldcf.com\/ca\/staging\/1420\/login\/descargo-responsabilidad\/","og_locale":"ca_ES","og_type":"article","og_title":"Declaraci\u00f3n de renuncia y exoneraci\u00f3n de responsabilidad y uso de imagen - Redfield CrossTraining competitions","og_description":"Declaramos, los 3 atletas del equipo, ser conscientes de que la actividad recreativa as\u00ed como cualquier actividad y programa de ejercicio f\u00edsico que nosotros vamos a realizar durante la competici\u00f3n Redfield Competition VOL 4, llevada a cabo en las instalaciones y alrededores (patio, estacionamiento, acera, etc) de Crossfit Cerdanyola (Carrer de Sant Ramon, 300, 08290 [&hellip;]","og_url":"https:\/\/redfieldcf.com\/ca\/staging\/1420\/login\/descargo-responsabilidad\/","og_site_name":"Redfield CrossTraining competitions","article_publisher":"https:\/\/www.facebook.com\/profile.php?id=100089577108535","article_modified_time":"2025-03-24T11:08:35+00:00","og_image":[{"width":1080,"height":1080,"url":"https:\/\/redfieldcf.com\/wp-content\/uploads\/2022\/10\/Redfield-logo.png","type":"image\/png"}],"twitter_card":"summary_large_image","twitter_misc":{"Est. reading time":"3 minutes"},"schema":{"@context":"https:\/\/schema.org","@graph":[{"@type":"WebPage","@id":"https:\/\/redfieldcf.com\/staging\/1420\/login\/descargo-responsabilidad\/","url":"https:\/\/redfieldcf.com\/staging\/1420\/login\/descargo-responsabilidad\/","name":"Declaraci\u00f3n de renuncia y exoneraci\u00f3n de responsabilidad y uso de imagen - Redfield CrossTraining competitions","isPartOf":{"@id":"https:\/\/redfieldcf.com\/#website"},"datePublished":"2024-02-25T08:28:30+00:00","dateModified":"2025-03-24T11:08:35+00:00","breadcrumb":{"@id":"https:\/\/redfieldcf.com\/staging\/1420\/login\/descargo-responsabilidad\/#breadcrumb"},"inLanguage":"ca","potentialAction":[{"@type":"ReadAction","target":["https:\/\/redfieldcf.com\/staging\/1420\/login\/descargo-responsabilidad\/"]}]},{"@type":"BreadcrumbList","@id":"https:\/\/redfieldcf.com\/staging\/1420\/login\/descargo-responsabilidad\/#breadcrumb","itemListElement":[{"@type":"ListItem","position":1,"name":"Portada","item":"https:\/\/redfieldcf.com\/"},{"@type":"ListItem","position":2,"name":"Ingresar","item":"https:\/\/redfieldcf.com\/staging\/1420\/login\/"},{"@type":"ListItem","position":3,"name":"Declaraci\u00f3n de renuncia y exoneraci\u00f3n de responsabilidad y uso de imagen"}]},{"@type":"WebSite","@id":"https:\/\/redfieldcf.com\/#website","url":"https:\/\/redfieldcf.com\/","name":"Redfield CrossTraining competitions","description":"CrossTraining competitions","publisher":{"@id":"https:\/\/redfieldcf.com\/#organization"},"alternateName":"RDFLD","potentialAction":[{"@type":"SearchAction","target":{"@type":"EntryPoint","urlTemplate":"https:\/\/redfieldcf.com\/?s={search_term_string}"},"query-input":{"@type":"PropertyValueSpecification","valueRequired":true,"valueName":"search_term_string"}}],"inLanguage":"ca"},{"@type":"Organization","@id":"https:\/\/redfieldcf.com\/#organization","name":"Redfield","alternateName":"RDFLD","url":"https:\/\/redfieldcf.com\/","logo":{"@type":"ImageObject","inLanguage":"ca","@id":"https:\/\/redfieldcf.com\/#\/schema\/logo\/image\/","url":"https:\/\/redfieldcf.com\/wp-content\/uploads\/2022\/10\/Redfield-logo.png","contentUrl":"https:\/\/redfieldcf.com\/wp-content\/uploads\/2022\/10\/Redfield-logo.png","width":1080,"height":1080,"caption":"Redfield"},"image":{"@id":"https:\/\/redfieldcf.com\/#\/schema\/logo\/image\/"},"sameAs":["https:\/\/www.facebook.com\/profile.php?id=100089577108535","https:\/\/www.instagram.com\/redfieldcompetition","https:\/\/www.youtube.com\/@redfieldcf","https:\/\/www.twitch.tv\/redfieldcf","https:\/\/www.tiktok.com\/@redfieldcf"]}]}},"_links":{"self":[{"href":"https:\/\/redfieldcf.com\/ca\/wp-json\/wp\/v2\/pages\/4149","targetHints":{"allow":["GET"]}}],"collection":[{"href":"https:\/\/redfieldcf.com\/ca\/wp-json\/wp\/v2\/pages"}],"about":[{"href":"https:\/\/redfieldcf.com\/ca\/wp-json\/wp\/v2\/types\/page"}],"author":[{"embeddable":true,"href":"https:\/\/redfieldcf.com\/ca\/wp-json\/wp\/v2\/users\/1"}],"replies":[{"embeddable":true,"href":"https:\/\/redfieldcf.com\/ca\/wp-json\/wp\/v2\/comments?post=4149"}],"version-history":[{"count":5,"href":"https:\/\/redfieldcf.com\/ca\/wp-json\/wp\/v2\/pages\/4149\/revisions"}],"predecessor-version":[{"id":6435,"href":"https:\/\/redfieldcf.com\/ca\/wp-json\/wp\/v2\/pages\/4149\/revisions\/6435"}],"up":[{"embeddable":true,"href":"https:\/\/redfieldcf.com\/ca\/wp-json\/wp\/v2\/pages\/3449"}],"wp:attachment":[{"href":"https:\/\/redfieldcf.com\/ca\/wp-json\/wp\/v2\/media?parent=4149"}],"curies":[{"name":"wp","href":"https:\/\/api.w.org\/{rel}","templated":true}]}}